{"id":1018,"date":"2024-08-29T14:52:26","date_gmt":"2024-08-29T18:52:26","guid":{"rendered":"http:\/\/localhost\/domis\/?page_id=1018"},"modified":"2024-08-29T14:53:53","modified_gmt":"2024-08-29T18:53:53","slug":"soumission","status":"publish","type":"page","link":"https:\/\/dev.domis.ca\/en\/soumission\/","title":{"rendered":"Quote"},"content":{"rendered":"<div data-elementor-type=\"wp-page\" data-elementor-id=\"1018\" class=\"elementor elementor-1018\">\n\t\t\t\t<div class=\"elementor-element elementor-element-9731434 e-flex e-con-boxed e-con e-parent\" data-id=\"9731434\" data-element_type=\"container\" data-settings=\"{&quot;background_background&quot;:&quot;classic&quot;}\">\n\t\t\t\t\t<div class=\"e-con-inner\">\n\t\t<div class=\"elementor-element elementor-element-7a8f4f6 e-con-full e-flex e-con e-child\" data-id=\"7a8f4f6\" data-element_type=\"container\">\n\t\t\t\t<div class=\"elementor-element elementor-element-6e34830 elementor-widget elementor-widget-heading\" data-id=\"6e34830\" data-element_type=\"widget\" data-widget_type=\"heading.default\">\n\t\t\t\t<div class=\"elementor-widget-container\">\n\t\t\t<h1 class=\"elementor-heading-title elementor-size-default\">Quote<\/h1>\t\t<\/div>\n\t\t\t\t<\/div>\n\t\t\t\t<\/div>\n\t\t\t\t\t<\/div>\n\t\t\t\t<\/div>\n\t\t<div class=\"elementor-element elementor-element-469a025 e-flex e-con-boxed e-con e-parent\" data-id=\"469a025\" data-element_type=\"container\" data-settings=\"{&quot;background_background&quot;:&quot;classic&quot;}\">\n\t\t\t\t\t<div class=\"e-con-inner\">\n\t\t<div class=\"elementor-element elementor-element-040dc08 e-con-full e-flex e-con e-child\" data-id=\"040dc08\" data-element_type=\"container\">\n\t\t<div class=\"elementor-element elementor-element-c0cab4c e-con-full e-flex e-con e-child\" data-id=\"c0cab4c\" data-element_type=\"container\">\n\t\t<div class=\"elementor-element elementor-element-59acba7 e-con-full e-flex e-con e-child\" data-id=\"59acba7\" data-element_type=\"container\">\n\t\t\t\t<div class=\"elementor-element elementor-element-b1b54a5 elementor-vertical-align-top elementor-widget elementor-widget-image-box\" data-id=\"b1b54a5\" data-element_type=\"widget\" data-widget_type=\"image-box.default\">\n\t\t\t\t<div class=\"elementor-widget-container\">\n\t\t\t<div class=\"elementor-image-box-wrapper\"><div class=\"elementor-image-box-content\"><h4 class=\"elementor-image-box-title\">Address<\/h4><p class=\"elementor-image-box-description\">7230 Alexandra Street - Suite 111<br>\nMontreal, QC - CANADA<br>\nH2R 2Z2<\/p><\/div><\/div>\t\t<\/div>\n\t\t\t\t<\/div>\n\t\t\t\t<div class=\"elementor-element elementor-element-861f76d elementor-vertical-align-top elementor-widget elementor-widget-image-box\" data-id=\"861f76d\" data-element_type=\"widget\" data-widget_type=\"image-box.default\">\n\t\t\t\t<div class=\"elementor-widget-container\">\n\t\t\t<div class=\"elementor-image-box-wrapper\"><div class=\"elementor-image-box-content\"><h4 class=\"elementor-image-box-title\">Phone<\/h4><p class=\"elementor-image-box-description\">+1 (514) 312 1442<\/p><\/div><\/div>\t\t<\/div>\n\t\t\t\t<\/div>\n\t\t\t\t<div class=\"elementor-element elementor-element-8b852d7 elementor-vertical-align-top elementor-widget elementor-widget-image-box\" data-id=\"8b852d7\" data-element_type=\"widget\" data-widget_type=\"image-box.default\">\n\t\t\t\t<div class=\"elementor-widget-container\">\n\t\t\t<div class=\"elementor-image-box-wrapper\"><div class=\"elementor-image-box-content\"><h4 class=\"elementor-image-box-title\">Email<\/h4><p class=\"elementor-image-box-description\">info@domis.ca<\/p><\/div><\/div>\t\t<\/div>\n\t\t\t\t<\/div>\n\t\t\t\t<\/div>\n\t\t<div class=\"elementor-element elementor-element-61b712d e-con-full e-flex e-con e-child\" data-id=\"61b712d\" data-element_type=\"container\">\n\t\t\t\t<div class=\"elementor-element elementor-element-69d80ae elementor-widget elementor-widget-wpforms\" data-id=\"69d80ae\" data-element_type=\"widget\" data-widget_type=\"wpforms.default\">\n\t\t\t\t<div class=\"elementor-widget-container\">\n\t\t\t<div class=\"wpforms-container\" id=\"wpforms-956\"><form id=\"wpforms-form-956\" class=\"wpforms-validate wpforms-form wpforms-ajax-form\" data-formid=\"956\" method=\"post\" enctype=\"multipart\/form-data\" action=\"\/en\/wp-json\/wp\/v2\/pages\/1018\" data-token=\"03b05c6e6337056da33d4e1b1d5e98a4\" data-token-time=\"1776518312\" data-trp-original-action=\"\/en\/wp-json\/wp\/v2\/pages\/1018\"><noscript class=\"wpforms-error-noscript\">Please enable JavaScript in your browser to complete this form.<\/noscript><div class=\"wpforms-field-container\"><div id=\"wpforms-956-field_1-container\" class=\"wpforms-field wpforms-field-name\" data-field-id=\"1\"><label class=\"wpforms-field-label\" for=\"wpforms-956-field_1\">Name of syndicate <span class=\"wpforms-required-label\">*<\/span><\/label><input type=\"text\" id=\"wpforms-956-field_1\" class=\"wpforms-field-large wpforms-field-required\" name=\"wpforms[fields][1]\" required><\/div><div id=\"wpforms-956-field_9-container\" class=\"wpforms-field wpforms-field-name\" data-field-id=\"9\"><label class=\"wpforms-field-label\" for=\"wpforms-956-field_9\">Building address <span class=\"wpforms-required-label\">*<\/span><\/label><input type=\"text\" id=\"wpforms-956-field_9\" class=\"wpforms-field-large wpforms-field-required\" name=\"wpforms[fields][9]\" required><\/div><div id=\"wpforms-956-field_11-container\" class=\"wpforms-field wpforms-field-number-slider\" data-field-id=\"11\"><label class=\"wpforms-field-label\" for=\"wpforms-956-field_11\">Number of units<\/label>\n<input\n\ttype=\"range\"\n\tid=\"wpforms-956-field_11\" class=\"wpforms-field-large\" name=\"wpforms[fields][11]\" value=\"1\"\t\tmin=\"1\"\n\tmax=\"300\"\n\tstep=\"1\">\n\n<div class=\"wpforms-field-number-slider-hint\"\n\tdata-hint=\"Selected Value: {value}\">\n\tSelected Value: <b>1<\/b><\/div>\n<\/div><div id=\"wpforms-956-field_12-container\" class=\"wpforms-field wpforms-field-number-slider\" data-field-id=\"12\"><label class=\"wpforms-field-label\" for=\"wpforms-956-field_12\">Year of construction <\/label>\n<input\n\ttype=\"range\"\n\tid=\"wpforms-956-field_12\" class=\"wpforms-field-large\" name=\"wpforms[fields][12]\" value=\"1900\"\t\tmin=\"1900\"\n\tmax=\"2030\"\n\tstep=\"1\">\n\n<div class=\"wpforms-field-number-slider-hint\"\n\tdata-hint=\"Selected Value: {value}\">\n\tSelected Value: <b>1900<\/b><\/div>\n<\/div><div id=\"wpforms-956-field_4-container\" class=\"wpforms-field wpforms-field-radio\" data-field-id=\"4\"><label class=\"wpforms-field-label\" for=\"wpforms-956-field_4\">Current management<\/label><ul id=\"wpforms-956-field_4\"><li class=\"choice-1 depth-1\"><input type=\"radio\" id=\"wpforms-956-field_4_1\" name=\"wpforms[fields][4]\" value=\"Autonome\"  ><label class=\"wpforms-field-label-inline\" for=\"wpforms-956-field_4_1\">Autonomous<\/label><\/li><li class=\"choice-2 depth-1\"><input type=\"radio\" id=\"wpforms-956-field_4_2\" name=\"wpforms[fields][4]\" value=\"Externe\"  ><label class=\"wpforms-field-label-inline\" for=\"wpforms-956-field_4_2\">External<\/label><\/li><\/ul><\/div><div id=\"wpforms-956-field_7-container\" class=\"wpforms-field wpforms-field-textarea\" data-field-id=\"7\"><label class=\"wpforms-field-label\" for=\"wpforms-956-field_7\">Services requested<\/label><textarea id=\"wpforms-956-field_7\" class=\"wpforms-field-medium\" name=\"wpforms[fields][7]\" ><\/textarea><\/div><div id=\"wpforms-956-field_14-container\" class=\"wpforms-field wpforms-field-name\" data-field-id=\"14\"><label class=\"wpforms-field-label\" for=\"wpforms-956-field_14\">Person(s) to contact <span class=\"wpforms-required-label\">*<\/span><\/label><input type=\"text\" id=\"wpforms-956-field_14\" class=\"wpforms-field-large wpforms-field-required\" name=\"wpforms[fields][14]\" required><\/div><div id=\"wpforms-956-field_15-container\" class=\"wpforms-field wpforms-field-text\" data-field-id=\"15\"><label class=\"wpforms-field-label\" for=\"wpforms-956-field_15\">Phone<\/label><input type=\"text\" id=\"wpforms-956-field_15\" class=\"wpforms-field-large\" name=\"wpforms[fields][15]\" ><\/div><div id=\"wpforms-956-field_8-container\" class=\"wpforms-field wpforms-field-email\" data-field-id=\"8\"><label class=\"wpforms-field-label\" for=\"wpforms-956-field_8\">E-mail <span class=\"wpforms-required-label\">*<\/span><\/label><input type=\"email\" id=\"wpforms-956-field_8\" class=\"wpforms-field-large wpforms-field-required\" name=\"wpforms[fields][8]\" spellcheck=\"false\" required><\/div><\/div><!-- .wpforms-field-container --><div class=\"wpforms-recaptcha-container wpforms-is-recaptcha wpforms-is-recaptcha-type-v2\" ><div class=\"g-recaptcha\" data-sitekey=\"6LcOI0YqAAAAAEjt0ZbMXOedRNyZ_SqV_kz11zl3\"><\/div><input type=\"text\" name=\"g-recaptcha-hidden\" class=\"wpforms-recaptcha-hidden\" style=\"position:absolute!important;clip:rect(0,0,0,0)!important;height:1px!important;width:1px!important;border:0!important;overflow:hidden!important;padding:0!important;margin:0!important;\" data-rule-recaptcha=\"1\"><\/div><div class=\"wpforms-submit-container\" ><input type=\"hidden\" name=\"wpforms[id]\" value=\"956\"><input type=\"hidden\" name=\"page_title\" value=\"\"><input type=\"hidden\" name=\"page_url\" value=\"https:\/\/dev.domis.ca\/en\/wp-json\/wp\/v2\/pages\/1018\"><button type=\"submit\" name=\"wpforms[submit]\" id=\"wpforms-submit-956\" class=\"wpforms-submit\" data-alt-text=\"Sending...\" data-submit-text=\"ENVOYER\" aria-live=\"assertive\" value=\"wpforms-submit\">Submit<\/button><img decoding=\"async\" src=\"https:\/\/dev.domis.ca\/wp-content\/plugins\/wpforms-lite\/assets\/images\/submit-spin.svg\" class=\"wpforms-submit-spinner\" style=\"display: none;\" width=\"26\" height=\"26\" alt=\"Loading\"><\/div><input type=\"hidden\" name=\"trp-form-language\" value=\"en\"\/><\/form><\/div>  <!-- .wpforms-container -->\t\t<\/div>\n\t\t\t\t<\/div>\n\t\t\t\t<\/div>\n\t\t\t\t<\/div>\n\t\t\t\t<\/div>\n\t\t\t\t\t<\/div>\n\t\t\t\t<\/div>\n\t\t<div class=\"elementor-element elementor-element-cde39a1 e-con-full e-flex e-con e-parent\" data-id=\"cde39a1\" data-element_type=\"container\">\n\t\t<div class=\"elementor-element elementor-element-3ad2095 e-con-full e-flex e-con e-child\" data-id=\"3ad2095\" data-element_type=\"container\">\n\t\t\t\t<div class=\"elementor-element elementor-element-1d89e36 elementor-widget__width-inherit elementor-widget elementor-widget-google_maps\" data-id=\"1d89e36\" data-element_type=\"widget\" data-widget_type=\"google_maps.default\">\n\t\t\t\t<div class=\"elementor-widget-container\">\n\t\t\t\t\t<div class=\"elementor-custom-embed\">\n\t\t\t<iframe loading=\"lazy\"\n\t\t\t\t\tsrc=\"https:\/\/maps.google.com\/maps?q=canada%2C%20montreal&#038;t=m&#038;z=17&#038;output=embed&#038;iwloc=near\"\n\t\t\t\t\ttitle=\"canada, montreal\"\n\t\t\t\t\taria-label=\"canada, montreal\"\n\t\t\t><\/iframe>\n\t\t<\/div>\n\t\t\t\t<\/div>\n\t\t\t\t<\/div>\n\t\t\t\t<\/div>\n\t\t\t\t<\/div>\n\t\t\t\t<\/div>","protected":false},"excerpt":{"rendered":"<p>Soumission Adresse : 7230 rue Alexandra &#8211; bureau 111 Montr\u00e9al, QC &#8211; CANADA H2R 2Z2 T\u00e9l\u00e9phone : +1 (514) 312 1442 Courriel : info@domis.ca Please enable JavaScript in your browser to complete this form.Nom du syndicat *Adresse de l&#039;immeuble *Nombre d\u2019unit\u00e9s Selected Value: 1 Ann\u00e9e de construction Selected Value: 1900 Gestion actuelle Autonome Externe Services [&hellip;]<\/p>","protected":false},"author":1,"featured_media":0,"parent":0,"menu_order":0,"comment_status":"closed","ping_status":"closed","template":"","meta":{"site-sidebar-layout":"no-sidebar","site-content-layout":"page-builder","ast-site-content-layout":"full-width-container","site-content-style":"unboxed","site-sidebar-style":"unboxed","ast-global-header-display":"","ast-banner-title-visibility":"","ast-main-header-display":"","ast-hfb-above-header-display":"","ast-hfb-below-header-display":"","ast-hfb-mobile-header-display":"","site-post-title":"disabled","ast-breadcrumbs-content":"disabled","ast-featured-img":"disabled","footer-sml-layout":"","theme-transparent-header-meta":"enabled","adv-header-id-meta":"","stick-header-meta":"","header-above-stick-meta":"","header-main-stick-meta":"","header-below-stick-meta":"","astra-migrate-meta-layouts":"set","ast-page-background-enabled":"default","ast-page-background-meta":{"desktop":{"background-color":"var(--ast-global-color-4)","background-image":"","background-repeat":"repeat","background-position":"center center","background-size":"auto","background-attachment":"scroll","background-type":"","background-media":"","overlay-type":"","overlay-color":"","overlay-opacity":"","overlay-gradient":""},"tablet":{"background-color":"","background-image":"","background-repeat":"repeat","background-position":"center center","background-size":"auto","background-attachment":"scroll","background-type":"","background-media":"","overlay-type":"","overlay-color":"","overlay-opacity":"","overlay-gradient":""},"mobile":{"background-color":"","background-image":"","background-repeat":"repeat","background-position":"center center","background-size":"auto","background-attachment":"scroll","background-type":"","background-media":"","overlay-type":"","overlay-color":"","overlay-opacity":"","overlay-gradient":""}},"ast-content-background-meta":{"desktop":{"background-color":"var(--ast-global-color-5)","background-image":"","background-repeat":"repeat","background-position":"center center","background-size":"auto","background-attachment":"scroll","background-type":"","background-media":"","overlay-type":"","overlay-color":"","overlay-opacity":"","overlay-gradient":""},"tablet":{"background-color":"var(--ast-global-color-5)","background-image":"","background-repeat":"repeat","background-position":"center center","background-size":"auto","background-attachment":"scroll","background-type":"","background-media":"","overlay-type":"","overlay-color":"","overlay-opacity":"","overlay-gradient":""},"mobile":{"background-color":"var(--ast-global-color-5)","background-image":"","background-repeat":"repeat","background-position":"center center","background-size":"auto","background-attachment":"scroll","background-type":"","background-media":"","overlay-type":"","overlay-color":"","overlay-opacity":"","overlay-gradient":""}},"footnotes":""},"class_list":["post-1018","page","type-page","status-publish","hentry"],"_links":{"self":[{"href":"https:\/\/dev.domis.ca\/en\/wp-json\/wp\/v2\/pages\/1018","targetHints":{"allow":["GET"]}}],"collection":[{"href":"https:\/\/dev.domis.ca\/en\/wp-json\/wp\/v2\/pages"}],"about":[{"href":"https:\/\/dev.domis.ca\/en\/wp-json\/wp\/v2\/types\/page"}],"author":[{"embeddable":true,"href":"https:\/\/dev.domis.ca\/en\/wp-json\/wp\/v2\/users\/1"}],"replies":[{"embeddable":true,"href":"https:\/\/dev.domis.ca\/en\/wp-json\/wp\/v2\/comments?post=1018"}],"version-history":[{"count":4,"href":"https:\/\/dev.domis.ca\/en\/wp-json\/wp\/v2\/pages\/1018\/revisions"}],"predecessor-version":[{"id":1022,"href":"https:\/\/dev.domis.ca\/en\/wp-json\/wp\/v2\/pages\/1018\/revisions\/1022"}],"wp:attachment":[{"href":"https:\/\/dev.domis.ca\/en\/wp-json\/wp\/v2\/media?parent=1018"}],"curies":[{"name":"wp","href":"https:\/\/api.w.org\/{rel}","templated":true}]}}